{"id":146,"date":"2021-05-15T09:19:00","date_gmt":"2021-05-15T12:19:00","guid":{"rendered":"http:\/\/masterportservicos.com.br\/?page_id=146"},"modified":"2022-02-18T15:46:24","modified_gmt":"2022-02-18T18:46:24","slug":"servicos-terceirizados","status":"publish","type":"page","link":"https:\/\/masterportservicos.com.br\/?page_id=146","title":{"rendered":"Servi\u00e7os Terceirizados"},"content":{"rendered":"\t\t<div data-elementor-type=\"wp-page\" data-elementor-id=\"146\" class=\"elementor elementor-146\" data-elementor-settings=\"[]\">\n\t\t\t\t\t\t\t<div class=\"elementor-section-wrap\">\n\t\t\t\t\t\t\t<section class=\"elementor-section elementor-top-section elementor-element elementor-element-3480122 elementor-section-boxed elementor-section-height-default elementor-section-height-default\" data-id=\"3480122\" data-element_type=\"section\">\n\t\t\t\t\t\t<div class=\"elementor-container elementor-column-gap-default\">\n\t\t\t\t\t<div class=\"elementor-column elementor-col-50 elementor-top-column elementor-element elementor-element-10b072c\" data-id=\"10b072c\" data-element_type=\"column\">\n\t\t\t<div class=\"elementor-widget-wrap elementor-element-populated\">\n\t\t\t\t\t\t\t\t<div class=\"elementor-element elementor-element-ec745ac elementor-widget elementor-widget-image\" data-id=\"ec745ac\" data-element_type=\"widget\" data-widget_type=\"image.default\">\n\t\t\t\t<div class=\"elementor-widget-container\">\n\t\t\t\t\t\t\t\t\t\t\t\t\t\t\t\t<a href=\"https:\/\/masterportservicos.com.br\/\">\n\t\t\t\t\t\t\t<img width=\"300\" height=\"133\" src=\"https:\/\/masterportservicos.com.br\/wp-content\/uploads\/2022\/02\/LOGO-MASTERPORT-H-300x133.png\" class=\"attachment-medium size-medium\" alt=\"\" loading=\"lazy\" srcset=\"https:\/\/masterportservicos.com.br\/wp-content\/uploads\/2022\/02\/LOGO-MASTERPORT-H-300x133.png 300w, https:\/\/masterportservicos.com.br\/wp-content\/uploads\/2022\/02\/LOGO-MASTERPORT-H-1024x455.png 1024w, https:\/\/masterportservicos.com.br\/wp-content\/uploads\/2022\/02\/LOGO-MASTERPORT-H-768x341.png 768w, https:\/\/masterportservicos.com.br\/wp-content\/uploads\/2022\/02\/LOGO-MASTERPORT-H-1536x683.png 1536w, https:\/\/masterportservicos.com.br\/wp-content\/uploads\/2022\/02\/LOGO-MASTERPORT-H.png 1800w\" sizes=\"(max-width: 300px) 100vw, 300px\" \/>\t\t\t\t\t\t\t\t<\/a>\n\t\t\t\t\t\t\t\t\t\t\t\t\t\t\t<\/div>\n\t\t\t\t<\/div>\n\t\t\t\t\t<\/div>\n\t\t<\/div>\n\t\t\t\t<div class=\"elementor-column elementor-col-50 elementor-top-column elementor-element elementor-element-d9b8d3f\" data-id=\"d9b8d3f\" data-element_type=\"column\">\n\t\t\t<div class=\"elementor-widget-wrap elementor-element-populated\">\n\t\t\t\t\t\t\t\t<div class=\"elementor-element elementor-element-1a33d45 elementor-nav-menu__align-right elementor-nav-menu--indicator-classic elementor-nav-menu--dropdown-tablet elementor-nav-menu__text-align-aside elementor-nav-menu--toggle elementor-nav-menu--burger elementor-widget elementor-widget-nav-menu\" data-id=\"1a33d45\" data-element_type=\"widget\" data-settings=\"{&quot;layout&quot;:&quot;horizontal&quot;,&quot;toggle&quot;:&quot;burger&quot;}\" data-widget_type=\"nav-menu.default\">\n\t\t\t\t<div class=\"elementor-widget-container\">\n\t\t\t\t\t\t<nav role=\"navigation\" class=\"elementor-nav-menu--main elementor-nav-menu__container elementor-nav-menu--layout-horizontal e--pointer-underline e--animation-fade\"><ul id=\"menu-1-1a33d45\" class=\"elementor-nav-menu\"><li class=\"menu-item menu-item-type-custom menu-item-object-custom menu-item-44\"><a href=\"https:\/\/www.instagram.com\/masterport.serv\/?igshid=11bwbpxzese1v\" class=\"elementor-item\">Instagram<\/a><\/li>\n<li class=\"menu-item menu-item-type-custom menu-item-object-custom menu-item-45\"><a href=\"https:\/\/www.facebook.com\/masterport.serv\/\" class=\"elementor-item\">Facebook<\/a><\/li>\n<li class=\"menu-item menu-item-type-post_type menu-item-object-page menu-item-151\"><a href=\"https:\/\/masterportservicos.com.br\/?page_id=146\" class=\"elementor-item\">Servi\u00e7os Terceirizados<\/a><\/li>\n<li class=\"menu-item menu-item-type-post_type menu-item-object-page menu-item-217\"><a href=\"https:\/\/masterportservicos.com.br\/?page_id=188\" class=\"elementor-item\">Cadastro terceiriza\u00e7\u00e3o<\/a><\/li>\n<\/ul><\/nav>\n\t\t\t\t\t<div class=\"elementor-menu-toggle\" role=\"button\" tabindex=\"0\" aria-label=\"Menu Toggle\" aria-expanded=\"false\">\n\t\t\t<i class=\"eicon-menu-bar\" aria-hidden=\"true\"><\/i>\n\t\t\t<span class=\"elementor-screen-only\">Menu<\/span>\n\t\t<\/div>\n\t\t\t<nav class=\"elementor-nav-menu--dropdown elementor-nav-menu__container\" role=\"navigation\" aria-hidden=\"true\"><ul id=\"menu-2-1a33d45\" class=\"elementor-nav-menu\"><li class=\"menu-item menu-item-type-custom menu-item-object-custom menu-item-44\"><a href=\"https:\/\/www.instagram.com\/masterport.serv\/?igshid=11bwbpxzese1v\" class=\"elementor-item\">Instagram<\/a><\/li>\n<li class=\"menu-item menu-item-type-custom menu-item-object-custom menu-item-45\"><a href=\"https:\/\/www.facebook.com\/masterport.serv\/\" class=\"elementor-item\">Facebook<\/a><\/li>\n<li class=\"menu-item menu-item-type-post_type menu-item-object-page menu-item-151\"><a href=\"https:\/\/masterportservicos.com.br\/?page_id=146\" class=\"elementor-item\">Servi\u00e7os Terceirizados<\/a><\/li>\n<li class=\"menu-item menu-item-type-post_type menu-item-object-page menu-item-217\"><a href=\"https:\/\/masterportservicos.com.br\/?page_id=188\" class=\"elementor-item\">Cadastro terceiriza\u00e7\u00e3o<\/a><\/li>\n<\/ul><\/nav>\n\t\t\t\t<\/div>\n\t\t\t\t<\/div>\n\t\t\t\t\t<\/div>\n\t\t<\/div>\n\t\t\t\t\t\t\t<\/div>\n\t\t<\/section>\n\t\t\t\t<section class=\"elementor-section elementor-top-section elementor-element elementor-element-74168826 elementor-section-height-min-height elementor-section-content-middle elementor-section-full_width elementor-section-height-default elementor-section-items-middle\" data-id=\"74168826\" data-element_type=\"section\" data-settings=\"{&quot;background_background&quot;:&quot;classic&quot;}\">\n\t\t\t\t\t\t\t<div class=\"elementor-background-overlay\"><\/div>\n\t\t\t\t\t\t\t<div class=\"elementor-container elementor-column-gap-default\">\n\t\t\t\t\t<div class=\"elementor-column elementor-col-100 elementor-top-column elementor-element elementor-element-4f652480 elementor-invisible\" data-id=\"4f652480\" data-element_type=\"column\" data-settings=\"{&quot;animation&quot;:&quot;fadeIn&quot;}\">\n\t\t\t<div class=\"elementor-widget-wrap elementor-element-populated\">\n\t\t\t\t\t\t\t\t<div class=\"elementor-element elementor-element-44104975 elementor-widget elementor-widget-heading\" data-id=\"44104975\" data-element_type=\"widget\" data-widget_type=\"heading.default\">\n\t\t\t\t<div class=\"elementor-widget-container\">\n\t\t\t<h1 class=\"elementor-heading-title elementor-size-xl\">Servi\u00e7os Terceirizados<\/h1>\t\t<\/div>\n\t\t\t\t<\/div>\n\t\t\t\t<section class=\"elementor-section elementor-inner-section elementor-element elementor-element-76c0e23 elementor-section-boxed elementor-section-height-default elementor-section-height-default\" data-id=\"76c0e23\" data-element_type=\"section\" data-settings=\"{&quot;background_background&quot;:&quot;classic&quot;}\">\n\t\t\t\t\t\t<div class=\"elementor-container elementor-column-gap-default\">\n\t\t\t\t\t<div class=\"elementor-column elementor-col-100 elementor-inner-column elementor-element elementor-element-34371145\" data-id=\"34371145\" data-element_type=\"column\">\n\t\t\t<div class=\"elementor-widget-wrap elementor-element-populated\">\n\t\t\t\t\t\t\t\t<div class=\"elementor-element elementor-element-1eed9ff7 elementor-view-default elementor-widget elementor-widget-icon\" data-id=\"1eed9ff7\" data-element_type=\"widget\" data-widget_type=\"icon.default\">\n\t\t\t\t<div class=\"elementor-widget-container\">\n\t\t\t\t\t<div class=\"elementor-icon-wrapper\">\n\t\t\t<div class=\"elementor-icon\">\n\t\t\t<i aria-hidden=\"true\" class=\"fas fa-angle-down\"><\/i>\t\t\t<\/div>\n\t\t<\/div>\n\t\t\t\t<\/div>\n\t\t\t\t<\/div>\n\t\t\t\t\t<\/div>\n\t\t<\/div>\n\t\t\t\t\t\t\t<\/div>\n\t\t<\/section>\n\t\t\t\t\t<\/div>\n\t\t<\/div>\n\t\t\t\t\t\t\t<\/div>\n\t\t<\/section>\n\t\t\t\t<section class=\"elementor-section elementor-top-section elementor-element elementor-element-40781e1d elementor-section-full_width elementor-section-height-default elementor-section-height-default\" data-id=\"40781e1d\" data-element_type=\"section\" data-settings=\"{&quot;background_background&quot;:&quot;classic&quot;}\">\n\t\t\t\t\t\t<div class=\"elementor-container elementor-column-gap-no\">\n\t\t\t\t\t<div class=\"elementor-column elementor-col-100 elementor-top-column elementor-element elementor-element-75d66158\" data-id=\"75d66158\" data-element_type=\"column\">\n\t\t\t<div class=\"elementor-widget-wrap elementor-element-populated\">\n\t\t\t\t\t\t\t\t<section class=\"elementor-section elementor-inner-section elementor-element elementor-element-c679428 elementor-section-content-middle elementor-section-full_width elementor-section-height-default elementor-section-height-default elementor-invisible\" data-id=\"c679428\" data-element_type=\"section\" data-settings=\"{&quot;animation&quot;:&quot;fadeIn&quot;}\">\n\t\t\t\t\t\t<div class=\"elementor-container elementor-column-gap-default\">\n\t\t\t\t\t<div class=\"elementor-column elementor-col-33 elementor-inner-column elementor-element elementor-element-77fa761e\" data-id=\"77fa761e\" data-element_type=\"column\">\n\t\t\t<div class=\"elementor-widget-wrap elementor-element-populated\">\n\t\t\t\t\t\t\t\t<div class=\"elementor-element elementor-element-2132c9e elementor-widget elementor-widget-progress\" data-id=\"2132c9e\" data-element_type=\"widget\" data-widget_type=\"progress.default\">\n\t\t\t\t<div class=\"elementor-widget-container\">\n\t\t\t\n\t\t<div class=\"elementor-progress-wrapper progress-warning\" role=\"progressbar\" aria-valuemin=\"0\" aria-valuemax=\"100\" aria-valuenow=\"100\" aria-valuetext=\"\">\n\t\t\t<div class=\"elementor-progress-bar\" data-max=\"100\">\n\t\t\t\t<span class=\"elementor-progress-text\"><\/span>\n\t\t\t\t\t\t\t<\/div>\n\t\t<\/div>\n\t\t\t\t<\/div>\n\t\t\t\t<\/div>\n\t\t\t\t\t<\/div>\n\t\t<\/div>\n\t\t\t\t<div class=\"elementor-column elementor-col-33 elementor-inner-column elementor-element elementor-element-75ad0a06\" data-id=\"75ad0a06\" data-element_type=\"column\">\n\t\t\t<div class=\"elementor-widget-wrap elementor-element-populated\">\n\t\t\t\t\t\t\t\t<div class=\"elementor-element elementor-element-e68d6e2 elementor-widget elementor-widget-heading\" data-id=\"e68d6e2\" data-element_type=\"widget\" data-widget_type=\"heading.default\">\n\t\t\t\t<div class=\"elementor-widget-container\">\n\t\t\t<span class=\"elementor-heading-title elementor-size-default\">04<\/span>\t\t<\/div>\n\t\t\t\t<\/div>\n\t\t\t\t\t<\/div>\n\t\t<\/div>\n\t\t\t\t<div class=\"elementor-column elementor-col-33 elementor-inner-column elementor-element elementor-element-663fcaca\" data-id=\"663fcaca\" data-element_type=\"column\">\n\t\t\t<div class=\"elementor-widget-wrap\">\n\t\t\t\t\t\t\t\t\t<\/div>\n\t\t<\/div>\n\t\t\t\t\t\t\t<\/div>\n\t\t<\/section>\n\t\t\t\t<div class=\"elementor-element elementor-element-31106f56 elementor-invisible elementor-widget elementor-widget-heading\" data-id=\"31106f56\" data-element_type=\"widget\" data-settings=\"{&quot;_animation&quot;:&quot;fadeInUp&quot;}\" data-widget_type=\"heading.default\">\n\t\t\t\t<div class=\"elementor-widget-container\">\n\t\t\t<h2 class=\"elementor-heading-title elementor-size-default\">Servi\u00e7os Terceirizados<\/h2>\t\t<\/div>\n\t\t\t\t<\/div>\n\t\t\t\t<div class=\"elementor-element elementor-element-7dc5bf3a elementor-invisible elementor-widget elementor-widget-text-editor\" data-id=\"7dc5bf3a\" data-element_type=\"widget\" data-settings=\"{&quot;_animation&quot;:&quot;fadeInUp&quot;}\" data-widget_type=\"text-editor.default\">\n\t\t\t\t<div class=\"elementor-widget-container\">\n\t\t\t\t\t\t\t<p dir=\"auto\"><strong>a Masterport oferece profissionais terceirizados para a sua empresa!<\/strong><\/p><p dir=\"auto\"><span style=\"text-decoration: underline;\"><em>Niveis:<br \/><\/em><\/span><strong>OPERACIONAL \/ T\u00c9CNICO<\/strong><\/p><p dir=\"auto\"><strong>Conferente:<\/strong><br \/>Respons\u00e1vel por receber e conferir produtos que chegam e verificar se a quantidade est\u00e1 correta, assim como a sua qualidade, com o objetivo de distribuir, embarcar ou vender.<\/p><p dir=\"auto\"><strong>Controlador:<\/strong><br \/>Controla entradas e sa\u00eddas de produ\u00e7\u00e3o e p\u00e1tio, acompanha programa\u00e7\u00e3o e beneficiamento de m\u00e1quinas e verifica tempo de opera\u00e7\u00f5es, a fim de manter os processos dentro dos par\u00e2metros estabelecidos.<\/p><p dir=\"auto\"><strong>Auxiliar de carga e descarga:<\/strong><br \/>Auxilia na carga e descarga de materiais de caminh\u00f5es, verifica produtos recebidos, triagem de lotes, organiza\u00e7\u00e3o do estoque, manuten\u00e7\u00e3o do estoque atrav\u00e9s de relat\u00f3rios di\u00e1rios, contagem do material estocado.<\/p><p dir=\"auto\"><strong>Vistoriador:<\/strong><br \/>Realiza vistoria em containers vazios, analisando sua estrutura e apontando itens caso haja necessidade de reparos, analisa o funcionamento dos componentes, condi\u00e7\u00f5es do ambiente em geral. Registrar as informa\u00e7\u00f5es captadas, preparar laudo de vistoria, com descri\u00e7\u00f5es detalhadas de acordo com as normas IICL\/Armador. Tira fotos e documenta informa\u00e7\u00f5es necess\u00e1rias. Preencher relat\u00f3rios, entre outras atividades correlatas.<\/p><p dir=\"auto\"><strong>Pintor:<\/strong><br \/>Realiza a pintura em mas superf\u00edcies internas e externas. Prepara a as mesmas antes de pint\u00e1-las, como limpeza, aplica\u00e7\u00e3o de massa fina ou corrida e lixamento. Aplica acabamentos como papel, azulejo, metal, gesso entre outros.<\/p><p dir=\"auto\"><strong>Soldador:<\/strong><br \/>Sua fun\u00e7\u00e3o \u00e9 unir e cortar pe\u00e7as de ligas met\u00e1licas usando processos de soldagem e corte tais como eletrodo revestido, tig, mig, mag, oxig\u00e1s, brasagem, plasma. Preparar equipamentos, acess\u00f3rios, consum\u00edveis de soldagem e corte e pe\u00e7as a serem soldadas.<\/p><p dir=\"auto\"><strong>Lixador:<\/strong><br \/>A fun\u00e7\u00e3o do lixador consiste em fazer o acabamento em pe\u00e7as met\u00e1licas, examina pe\u00e7as e retira as rebarbas, soldas e arestas cortantes.<\/p><p dir=\"auto\"><strong>Carpinteiro:<\/strong><br \/>Efetua trabalhos de carpintaria, cortando, armando, instalando e reparando pe\u00e7as de madeira, utilizando ferramentas manuais e mec\u00e2nicas&#8230;. Instalar e ajustar esquadrias de madeira e outras pe\u00e7as tais como: janelas, portas, escadas, rodap\u00e9s, divis\u00f3rias, forros e guardi\u00f5es.<\/p>\t\t\t\t\t\t<\/div>\n\t\t\t\t<\/div>\n\t\t\t\t\t<\/div>\n\t\t<\/div>\n\t\t\t\t\t\t\t<\/div>\n\t\t<\/section>\n\t\t\t\t<section class=\"elementor-section elementor-top-section elementor-element elementor-element-df493bb elementor-section-boxed elementor-section-height-default elementor-section-height-default\" data-id=\"df493bb\" data-element_type=\"section\">\n\t\t\t\t\t\t<div class=\"elementor-container elementor-column-gap-default\">\n\t\t\t\t\t<div class=\"elementor-column elementor-col-100 elementor-top-column elementor-element elementor-element-a567a10\" data-id=\"a567a10\" data-element_type=\"column\">\n\t\t\t<div class=\"elementor-widget-wrap elementor-element-populated\">\n\t\t\t\t\t\t\t\t<div class=\"elementor-element elementor-element-c47ebf7 elementor-widget elementor-widget-spacer\" data-id=\"c47ebf7\" data-element_type=\"widget\" data-widget_type=\"spacer.default\">\n\t\t\t\t<div class=\"elementor-widget-container\">\n\t\t\t\t\t<div class=\"elementor-spacer\">\n\t\t\t<div class=\"elementor-spacer-inner\"><\/div>\n\t\t<\/div>\n\t\t\t\t<\/div>\n\t\t\t\t<\/div>\n\t\t\t\t\t<\/div>\n\t\t<\/div>\n\t\t\t\t\t\t\t<\/div>\n\t\t<\/section>\n\t\t\t\t\t\t<\/div>\n\t\t\t\t\t<\/div>\n\t\t","protected":false},"excerpt":{"rendered":"<p>Servi\u00e7os Terceirizados 04 Servi\u00e7os Terceirizados a Masterport oferece profissionais terceirizados para a sua empresa! Niveis:OPERACIONAL \/ T\u00c9CNICO Conferente:Respons\u00e1vel por receber e conferir produtos que chegam e verificar se a quantidade est\u00e1 correta, assim como a sua qualidade, com o objetivo de distribuir, embarcar ou vender. Controlador:Controla entradas e sa\u00eddas de produ\u00e7\u00e3o e p\u00e1tio, acompanha programa\u00e7\u00e3o<\/p>\n<p><a href=\"https:\/\/masterportservicos.com.br\/?page_id=146\" class=\"more-link\">Read More<\/a><\/p>\n","protected":false},"author":1,"featured_media":0,"parent":0,"menu_order":0,"comment_status":"closed","ping_status":"closed","template":"elementor_canvas","meta":{"_mi_skip_tracking":false},"_links":{"self":[{"href":"https:\/\/masterportservicos.com.br\/index.php?rest_route=\/wp\/v2\/pages\/146"}],"collection":[{"href":"https:\/\/masterportservicos.com.br\/index.php?rest_route=\/wp\/v2\/pages"}],"about":[{"href":"https:\/\/masterportservicos.com.br\/index.php?rest_route=\/wp\/v2\/types\/page"}],"author":[{"embeddable":true,"href":"https:\/\/masterportservicos.com.br\/index.php?rest_route=\/wp\/v2\/users\/1"}],"replies":[{"embeddable":true,"href":"https:\/\/masterportservicos.com.br\/index.php?rest_route=%2Fwp%2Fv2%2Fcomments&post=146"}],"version-history":[{"count":29,"href":"https:\/\/masterportservicos.com.br\/index.php?rest_route=\/wp\/v2\/pages\/146\/revisions"}],"predecessor-version":[{"id":458,"href":"https:\/\/masterportservicos.com.br\/index.php?rest_route=\/wp\/v2\/pages\/146\/revisions\/458"}],"wp:attachment":[{"href":"https:\/\/masterportservicos.com.br\/index.php?rest_route=%2Fwp%2Fv2%2Fmedia&parent=146"}],"curies":[{"name":"wp","href":"https:\/\/api.w.org\/{rel}","templated":true}]}}